{"id":1424,"date":"2025-04-23T13:19:35","date_gmt":"2025-04-23T17:19:35","guid":{"rendered":"https:\/\/wiasc.ca\/accueil\/"},"modified":"2026-02-15T10:16:17","modified_gmt":"2026-02-15T15:16:17","slug":"accueil","status":"publish","type":"page","link":"https:\/\/wiasc.ca\/fr\/","title":{"rendered":"Accueil"},"content":{"rendered":"\n<h1>\n\t\t\tBienvenue au Circuit d&rsquo;ateliers d&rsquo;art de l&rsquo;Ouest-de-l&rsquo;\u00cele (CAAOI)!\t<\/h1>\n\t<p><strong>\u00c0 la mi-ao\u00fbt,<\/strong> des artistes de l&rsquo;<strong>Ouest-de-l&rsquo;\u00cele<\/strong> ouvriront les portes de leurs ateliers deux journ\u00e9es gratuites sous le signe de la cr\u00e9ativit\u00e9 et des \u00e9changes. D\u00e9couvrez les coulisses d&rsquo;un atelier d&rsquo;artiste &#8211; et rencontrez celles et ceux qui font vivre l&rsquo;art au c\u0153ur de votre communaut\u00e9.<\/p>\n<h4>\n\t\t\tPortes ouvertes des ateliers d&rsquo;artistes\t<\/h4>\n\tSamedi et dimanche<br \/>\n15 et 16 ao\u00fbt 2026<br \/>\n10 h \u00e0 16 h\n<h4>\n\t\t\tDes ateliers d&rsquo;art aux quatre coins de l&rsquo;Ouest-de-l&rsquo;\u00cele\t<\/h4>\n\t<p>Ami des cyclistes<\/p>\n\t<p>Accessible en transport en commun<\/p>\n\t<p>Circuit autonome<\/p>\n<h2>\n\t\t\tRencontrez les artistes\t<\/h2>\n\n","protected":false},"excerpt":{"rendered":"<p>Bienvenue au Circuit d&rsquo;ateliers d&rsquo;art de l&rsquo;Ouest-de-l&rsquo;\u00cele (CAAOI)! \u00c0 la mi-ao\u00fbt, des artistes de l&rsquo;Ouest-de-l&rsquo;\u00cele ouvriront les portes de leurs ateliers deux journ\u00e9es gratuites sous le signe de la cr\u00e9ativit\u00e9 et des \u00e9changes. D\u00e9couvrez les coulisses d&rsquo;un atelier d&rsquo;artiste &#8211; et rencontrez celles et ceux qui font vivre l&rsquo;art au c\u0153ur de votre communaut\u00e9. Portes&hellip;<\/p>\n","protected":false},"author":1,"featured_media":1482,"parent":0,"menu_order":1,"comment_status":"closed","ping_status":"closed","template":"","meta":{"_acf_changed":false,"footnotes":""},"class_list":["post-1424","page","type-page","status-publish","has-post-thumbnail","hentry"],"acf":[],"yoast_head":"<!-- This site is optimized with the Yoast SEO plugin v27.5 - https:\/\/yoast.com\/product\/yoast-seo-wordpress\/ -->\n<title>Circuit d\u2019ateliers du West Island | Artistes &amp; ateliers ouverts<\/title>\n<meta name=\"description\" content=\"Meet West Island artists in their studios during WIASC 2025. Rencontrez des artistes du West Island dans leurs propres ateliers lors du CAAOI 2025, un nouvel \u00e9v\u00e9nement gratuit au c\u0153ur de la communaut\u00e9.\" \/>\n<meta name=\"robots\" content=\"index, follow, max-snippet:-1, max-image-preview:large, max-video-preview:-1\" \/>\n<link rel=\"canonical\" href=\"https:\/\/wiasc.ca\/fr\/\" \/>\n<meta property=\"og:locale\" content=\"fr_FR\" \/>\n<meta property=\"og:type\" content=\"article\" \/>\n<meta property=\"og:title\" content=\"Circuit d\u2019ateliers du West Island | Artistes &amp; ateliers ouverts\" \/>\n<meta property=\"og:description\" content=\"Meet West Island artists in their studios during WIASC 2025. Rencontrez des artistes du West Island dans leurs propres ateliers lors du CAAOI 2025, un nouvel \u00e9v\u00e9nement gratuit au c\u0153ur de la communaut\u00e9.\" \/>\n<meta property=\"og:url\" content=\"https:\/\/wiasc.ca\/fr\/\" \/>\n<meta property=\"og:site_name\" content=\"Circuit d&#039;ateliers d&#039;art de l&#039;Ouest-de-l&#039;\u00cele\" \/>\n<meta property=\"article:modified_time\" content=\"2026-02-15T15:16:17+00:00\" \/>\n<meta property=\"og:image\" content=\"https:\/\/wiasc.ca\/wp-content\/uploads\/2025\/06\/Facebook-wiasc-1024x576.jpg\" \/>\n<meta name=\"twitter:card\" content=\"summary_large_image\" \/>\n<meta name=\"twitter:site\" content=\"@CAAOI_WIASC\" \/>\n<meta name=\"twitter:label1\" content=\"Dur\u00e9e de lecture estim\u00e9e\" \/>\n\t<meta name=\"twitter:data1\" content=\"1 minute\" \/>\n<script type=\"application\/ld+json\" class=\"yoast-schema-graph\">{\"@context\":\"https:\\\/\\\/schema.org\",\"@graph\":[{\"@type\":\"WebPage\",\"@id\":\"https:\\\/\\\/wiasc.ca\\\/fr\\\/\",\"url\":\"https:\\\/\\\/wiasc.ca\\\/fr\\\/\",\"name\":\"Circuit d\u2019ateliers du West Island | Artistes & ateliers ouverts\",\"isPartOf\":{\"@id\":\"https:\\\/\\\/wiasc.ca\\\/fr\\\/#website\"},\"primaryImageOfPage\":{\"@id\":\"https:\\\/\\\/wiasc.ca\\\/fr\\\/#primaryimage\"},\"image\":{\"@id\":\"https:\\\/\\\/wiasc.ca\\\/fr\\\/#primaryimage\"},\"thumbnailUrl\":\"https:\\\/\\\/wiasc.ca\\\/wp-content\\\/uploads\\\/2025\\\/06\\\/Logo-WIASC-SEO.png\",\"datePublished\":\"2025-04-23T17:19:35+00:00\",\"dateModified\":\"2026-02-15T15:16:17+00:00\",\"description\":\"Meet West Island artists in their studios during WIASC 2025. Rencontrez des artistes du West Island dans leurs propres ateliers lors du CAAOI 2025, un nouvel \u00e9v\u00e9nement gratuit au c\u0153ur de la communaut\u00e9.\",\"breadcrumb\":{\"@id\":\"https:\\\/\\\/wiasc.ca\\\/fr\\\/#breadcrumb\"},\"inLanguage\":\"fr-FR\",\"potentialAction\":[{\"@type\":\"ReadAction\",\"target\":[\"https:\\\/\\\/wiasc.ca\\\/fr\\\/\"]}]},{\"@type\":\"ImageObject\",\"inLanguage\":\"fr-FR\",\"@id\":\"https:\\\/\\\/wiasc.ca\\\/fr\\\/#primaryimage\",\"url\":\"https:\\\/\\\/wiasc.ca\\\/wp-content\\\/uploads\\\/2025\\\/06\\\/Logo-WIASC-SEO.png\",\"contentUrl\":\"https:\\\/\\\/wiasc.ca\\\/wp-content\\\/uploads\\\/2025\\\/06\\\/Logo-WIASC-SEO.png\",\"width\":696,\"height\":696,\"caption\":\"West Island Art Studio Circuit\"},{\"@type\":\"BreadcrumbList\",\"@id\":\"https:\\\/\\\/wiasc.ca\\\/fr\\\/#breadcrumb\",\"itemListElement\":[{\"@type\":\"ListItem\",\"position\":1,\"name\":\"Home\",\"item\":\"https:\\\/\\\/wiasc.ca\\\/fr\\\/\"},{\"@type\":\"ListItem\",\"position\":2,\"name\":\"Accueil\"}]},{\"@type\":\"WebSite\",\"@id\":\"https:\\\/\\\/wiasc.ca\\\/fr\\\/#website\",\"url\":\"https:\\\/\\\/wiasc.ca\\\/fr\\\/\",\"name\":\"West Island Art Studio Circuit\",\"description\":\"L\u2019art tout pr\u00e8s de chez vous \u2014 d\u00e9couvrez-le avec le CAAOI.\",\"publisher\":{\"@id\":\"https:\\\/\\\/wiasc.ca\\\/fr\\\/#organization\"},\"alternateName\":\"Circuit d'ateliers d'art de l'Ouest-de-l'\u00cele\",\"potentialAction\":[{\"@type\":\"SearchAction\",\"target\":{\"@type\":\"EntryPoint\",\"urlTemplate\":\"https:\\\/\\\/wiasc.ca\\\/fr\\\/?s={search_term_string}\"},\"query-input\":{\"@type\":\"PropertyValueSpecification\",\"valueRequired\":true,\"valueName\":\"search_term_string\"}}],\"inLanguage\":\"fr-FR\"},{\"@type\":\"Organization\",\"@id\":\"https:\\\/\\\/wiasc.ca\\\/fr\\\/#organization\",\"name\":\"West Island Art Studio Circuit\",\"alternateName\":\"Circuit d'ateliers d'art de l'Ouest-de-l'\u00cele\",\"url\":\"https:\\\/\\\/wiasc.ca\\\/fr\\\/\",\"logo\":{\"@type\":\"ImageObject\",\"inLanguage\":\"fr-FR\",\"@id\":\"https:\\\/\\\/wiasc.ca\\\/fr\\\/#\\\/schema\\\/logo\\\/image\\\/\",\"url\":\"https:\\\/\\\/wiasc.ca\\\/wp-content\\\/uploads\\\/2025\\\/06\\\/Logo-WIASC-SEO.png\",\"contentUrl\":\"https:\\\/\\\/wiasc.ca\\\/wp-content\\\/uploads\\\/2025\\\/06\\\/Logo-WIASC-SEO.png\",\"width\":696,\"height\":696,\"caption\":\"West Island Art Studio Circuit\"},\"image\":{\"@id\":\"https:\\\/\\\/wiasc.ca\\\/fr\\\/#\\\/schema\\\/logo\\\/image\\\/\"},\"sameAs\":[\"https:\\\/\\\/x.com\\\/CAAOI_WIASC\",\"https:\\\/\\\/www.linkedin.com\\\/company\\\/caaoi-wiasc\\\/\",\"https:\\\/\\\/www.instagram.com\\\/caaoi_wiasc\",\"https:\\\/\\\/bsky.app\\\/profile\\\/caaoi-wiasc.bsky.social\"]}]}<\/script>\n<!-- \/ Yoast SEO plugin. -->","yoast_head_json":{"title":"Circuit d\u2019ateliers du West Island | Artistes & ateliers ouverts","description":"Meet West Island artists in their studios during WIASC 2025. Rencontrez des artistes du West Island dans leurs propres ateliers lors du CAAOI 2025, un nouvel \u00e9v\u00e9nement gratuit au c\u0153ur de la communaut\u00e9.","robots":{"index":"index","follow":"follow","max-snippet":"max-snippet:-1","max-image-preview":"max-image-preview:large","max-video-preview":"max-video-preview:-1"},"canonical":"https:\/\/wiasc.ca\/fr\/","og_locale":"fr_FR","og_type":"article","og_title":"Circuit d\u2019ateliers du West Island | Artistes & ateliers ouverts","og_description":"Meet West Island artists in their studios during WIASC 2025. Rencontrez des artistes du West Island dans leurs propres ateliers lors du CAAOI 2025, un nouvel \u00e9v\u00e9nement gratuit au c\u0153ur de la communaut\u00e9.","og_url":"https:\/\/wiasc.ca\/fr\/","og_site_name":"Circuit d'ateliers d'art de l'Ouest-de-l'\u00cele","article_modified_time":"2026-02-15T15:16:17+00:00","og_image":[{"url":"https:\/\/wiasc.ca\/wp-content\/uploads\/2025\/06\/Facebook-wiasc-1024x576.jpg","type":"","width":"","height":""}],"twitter_card":"summary_large_image","twitter_site":"@CAAOI_WIASC","twitter_misc":{"Dur\u00e9e de lecture estim\u00e9e":"1 minute"},"schema":{"@context":"https:\/\/schema.org","@graph":[{"@type":"WebPage","@id":"https:\/\/wiasc.ca\/fr\/","url":"https:\/\/wiasc.ca\/fr\/","name":"Circuit d\u2019ateliers du West Island | Artistes & ateliers ouverts","isPartOf":{"@id":"https:\/\/wiasc.ca\/fr\/#website"},"primaryImageOfPage":{"@id":"https:\/\/wiasc.ca\/fr\/#primaryimage"},"image":{"@id":"https:\/\/wiasc.ca\/fr\/#primaryimage"},"thumbnailUrl":"https:\/\/wiasc.ca\/wp-content\/uploads\/2025\/06\/Logo-WIASC-SEO.png","datePublished":"2025-04-23T17:19:35+00:00","dateModified":"2026-02-15T15:16:17+00:00","description":"Meet West Island artists in their studios during WIASC 2025. Rencontrez des artistes du West Island dans leurs propres ateliers lors du CAAOI 2025, un nouvel \u00e9v\u00e9nement gratuit au c\u0153ur de la communaut\u00e9.","breadcrumb":{"@id":"https:\/\/wiasc.ca\/fr\/#breadcrumb"},"inLanguage":"fr-FR","potentialAction":[{"@type":"ReadAction","target":["https:\/\/wiasc.ca\/fr\/"]}]},{"@type":"ImageObject","inLanguage":"fr-FR","@id":"https:\/\/wiasc.ca\/fr\/#primaryimage","url":"https:\/\/wiasc.ca\/wp-content\/uploads\/2025\/06\/Logo-WIASC-SEO.png","contentUrl":"https:\/\/wiasc.ca\/wp-content\/uploads\/2025\/06\/Logo-WIASC-SEO.png","width":696,"height":696,"caption":"West Island Art Studio Circuit"},{"@type":"BreadcrumbList","@id":"https:\/\/wiasc.ca\/fr\/#breadcrumb","itemListElement":[{"@type":"ListItem","position":1,"name":"Home","item":"https:\/\/wiasc.ca\/fr\/"},{"@type":"ListItem","position":2,"name":"Accueil"}]},{"@type":"WebSite","@id":"https:\/\/wiasc.ca\/fr\/#website","url":"https:\/\/wiasc.ca\/fr\/","name":"West Island Art Studio Circuit","description":"L\u2019art tout pr\u00e8s de chez vous \u2014 d\u00e9couvrez-le avec le CAAOI.","publisher":{"@id":"https:\/\/wiasc.ca\/fr\/#organization"},"alternateName":"Circuit d'ateliers d'art de l'Ouest-de-l'\u00cele","potentialAction":[{"@type":"SearchAction","target":{"@type":"EntryPoint","urlTemplate":"https:\/\/wiasc.ca\/fr\/?s={search_term_string}"},"query-input":{"@type":"PropertyValueSpecification","valueRequired":true,"valueName":"search_term_string"}}],"inLanguage":"fr-FR"},{"@type":"Organization","@id":"https:\/\/wiasc.ca\/fr\/#organization","name":"West Island Art Studio Circuit","alternateName":"Circuit d'ateliers d'art de l'Ouest-de-l'\u00cele","url":"https:\/\/wiasc.ca\/fr\/","logo":{"@type":"ImageObject","inLanguage":"fr-FR","@id":"https:\/\/wiasc.ca\/fr\/#\/schema\/logo\/image\/","url":"https:\/\/wiasc.ca\/wp-content\/uploads\/2025\/06\/Logo-WIASC-SEO.png","contentUrl":"https:\/\/wiasc.ca\/wp-content\/uploads\/2025\/06\/Logo-WIASC-SEO.png","width":696,"height":696,"caption":"West Island Art Studio Circuit"},"image":{"@id":"https:\/\/wiasc.ca\/fr\/#\/schema\/logo\/image\/"},"sameAs":["https:\/\/x.com\/CAAOI_WIASC","https:\/\/www.linkedin.com\/company\/caaoi-wiasc\/","https:\/\/www.instagram.com\/caaoi_wiasc","https:\/\/bsky.app\/profile\/caaoi-wiasc.bsky.social"]}]}},"_links":{"self":[{"href":"https:\/\/wiasc.ca\/fr\/wp-json\/wp\/v2\/pages\/1424","targetHints":{"allow":["GET"]}}],"collection":[{"href":"https:\/\/wiasc.ca\/fr\/wp-json\/wp\/v2\/pages"}],"about":[{"href":"https:\/\/wiasc.ca\/fr\/wp-json\/wp\/v2\/types\/page"}],"author":[{"embeddable":true,"href":"https:\/\/wiasc.ca\/fr\/wp-json\/wp\/v2\/users\/1"}],"replies":[{"embeddable":true,"href":"https:\/\/wiasc.ca\/fr\/wp-json\/wp\/v2\/comments?post=1424"}],"version-history":[{"count":11,"href":"https:\/\/wiasc.ca\/fr\/wp-json\/wp\/v2\/pages\/1424\/revisions"}],"predecessor-version":[{"id":1821,"href":"https:\/\/wiasc.ca\/fr\/wp-json\/wp\/v2\/pages\/1424\/revisions\/1821"}],"wp:featuredmedia":[{"embeddable":true,"href":"https:\/\/wiasc.ca\/fr\/wp-json\/wp\/v2\/media\/1482"}],"wp:attachment":[{"href":"https:\/\/wiasc.ca\/fr\/wp-json\/wp\/v2\/media?parent=1424"}],"curies":[{"name":"wp","href":"https:\/\/api.w.org\/{rel}","templated":true}]}}