{"id":1423,"date":"2025-04-15T15:00:33","date_gmt":"2025-04-15T19:00:33","guid":{"rendered":"https:\/\/wiasc.ca\/politique-de-confidentialite\/"},"modified":"2025-06-19T15:04:15","modified_gmt":"2025-06-19T19:04:15","slug":"politique-de-confidentialite","status":"publish","type":"page","link":"https:\/\/wiasc.ca\/fr\/politique-de-confidentialite\/","title":{"rendered":"Politique de confidentialit\u00e9"},"content":{"rendered":"\n<h1>\n\t\t\tPolitique de confidentialit\u00e9\t<\/h1>\n\t<p>La protection de vos renseignements est importante pour le <em>Circuit d&rsquo;ateliers d&rsquo;art de l&rsquo;Ouest-de-l&rsquo;\u00cele<\/em> (CAAOI).<\/p>\n<p>Le CAAOI n&rsquo;est ni une association d&rsquo;arts ni une soci\u00e9t\u00e9, nous sommes un groupe d&rsquo;artistes visuels ad hoc selon le <em>Conseil canadien des arts<\/em>.<a href=\"#cca\">*<\/a><\/p>\n<p>En tant que groupe &lsquo;ad hoc&rsquo;, les artistes qui participent au CAAOI peuvent changer d&rsquo;une ann\u00e9e \u00e0 l&rsquo;autre &#8211; \u00e0 part Sandra Woods, la Fondatrice du CAAOI &#8211; et aucun d&rsquo;entre nous ne re\u00e7oit une r\u00e9mun\u00e9ration pour l&rsquo;aide apport\u00e9e avec ce site Web.<\/p>\n<p>En 2015 Sandra Woods, la Fondatrice du CAAOI, a obtenu une certification comme \u00ab Professionnelle de la Protection de la Vie Priv\u00e9e\/Canada \u00bb (\u00ab Certified <a href=\"https:\/\/iapp.org\/certify\/cippc\" target=\"_blank\" rel=\"noopener\"><em>Information Privacy Professional<\/em><\/a>\/Canada (CIPP\/C) \u00bb) de la part de la <em>International Association of Privacy Professionals<\/em> une association internationale de professionnels de la protection de la confidentialit\u00e9 et de la vie priv\u00e9e) pour sa connaissance dans le domaine des lois et r\u00e8glements entourant la protection des renseignements au Canada.<\/p>\n<h2>\n\t\t\tSite Web &#8211; D\u00e9veloppement, h\u00e9bergement, serveur(s) et mises \u00e0 jour\t<\/h2>\n\tCe site Web fut con\u00e7u et d\u00e9velopp\u00e9 par l&rsquo;agence num\u00e9rique <a href=\"https:\/\/humains.ca\" target=\"_blank\" rel=\"noopener\"><em>humains<\/em><\/a> sur la plateforme <a href=\"https:\/\/wordpress.com\" target=\"_blank\" rel=\"noopener\"><em>WordPress<\/em><\/a>.<br \/>\nL&rsquo;agence num\u00e9rique <em>humains<\/em> fournira l&rsquo;h\u00e9bergement du site Web et du soutien \u00e0 l&rsquo;occasion, tandis que l&rsquo;administration hebdomadaire du site Web sera assur\u00e9e par la Fondatrice du CAAOI avec d&rsquo;autres b\u00e9n\u00e9voles du CAAOI en cas de maladie, de pannes de courant, ou d&rsquo;autres interruptions d&rsquo;acc\u00e8s.<br \/>\nCe site Web est h\u00e9berg\u00e9 sur les serveurs de l&rsquo;agence num\u00e9rique <em>humains<\/em> \u00e0 Montr\u00e9al, au Qu\u00e9bec (Canada).\n<h2>\n\t\t\tQuels renseignements sont recueillis \u00e0 votre \u00e9gard\t<\/h2>\n\t<p>Lorsque que vous visitez ce site Web, votre adresse IP (protocole Internet) &#8211; diff\u00e9rente de votre adresse courriel &#8211; sera conserv\u00e9e ind\u00e9finiment sur les serveurs de l&rsquo;agence num\u00e9rique <em>humains<\/em> uniquement pour fins d&rsquo;analyse statistique.<\/p>\n<p>La page Contact et le compte de courriel du CAAOI sont h\u00e9berg\u00e9s sur les serveurs de l&rsquo;agence num\u00e9rique <em>humains<\/em>, qui conserve les metadonn\u00e9es &#8211; y compris votre adresse courriel &#8211; pendant sept (7) jours.<\/p>\n<p>Le site Web du CAAOI est li\u00e9 aux services de to <a href=\"https:\/\/marketingplatform.google.com\/about\/analytics\" target=\"_blank\" rel=\"noopener\"><em>Google Analytics<\/em><\/a> et de <a href=\"https:\/\/search.google.com\/search-console\/welcome\" target=\"_blank\" rel=\"noopener\"><em>Search Console<\/em><\/a> <em>afin d&rsquo;assurer la meilleure exp\u00e9rience aux visiteurs<\/em>.<\/p>\n<p><em>Google<\/em> conserve les adresses IP anonymis\u00e9es, dont la partie ou la portion contenant votre identification est automatiquement supprim\u00e9e avant l&rsquo;envoi de l&rsquo;adresse chez <em>Google<\/em>.<\/p>\n<p>Afin d&rsquo;assurer la conformit\u00e9 avec la Loi 25 du Qu\u00e9bec, la \u00ab Loi sur la protection des renseignements personnels dans le secteur priv\u00e9 \u00bb, ce site Web sert du <a href=\"https:\/\/www.cookieyes.com\" target=\"_blank\" rel=\"noopener\"><em>CookieYes<\/em><\/a> pour la gestion du consentement des fichiers t\u00e9moins (\u00ab cookies \u00bb).<\/p>\n<p><em>CookieYes<\/em> collecte des donn\u00e9es anonymis\u00e9es et maintient un registre de consentement, en conformit\u00e9 avec cette loi.<\/p>\n<h2>\n\t\t\tLa Loi canadienne anti-pourriel (LCAP)\t<\/h2>\n\t<p>Lorsque le CAAOI r\u00e9pond \u00e0 un commentaire ou une question que vous nous aviez transmis par moyen de la page Contact ou de notre courriel, notre r\u00e9ponse par courriel vous demandera si vous acceptez de recevoir des courriels au sujet de futurs \u00e9v\u00e9nements du CAAOI.<\/p>\n<p>Si vous acceptez, votre nom et adresse courriel seront inscrits \u00e0 une base de donn\u00e9es cr\u00e9\u00e9e par le CAAOI et h\u00e9berg\u00e9e \u00e0 Montr\u00e9al, Qu\u00e9bec (Canada), avec protection par mot de passe.<\/p>\n<p>Si vous n&rsquo;acceptez pas, vos renseignements ainsi que notre r\u00e9ponse seront conserv\u00e9s pendant deux (2) ans (voir <strong>Suppression des renseignements de votre communication avec nous<\/strong>, ci-dessous) et nous ne communiquerons avec vous que si vous entrez en contact de nouveau avec nous.<\/p>\n<p>Les renseignements inscrits \u00e0 cette base de donn\u00e9es ne seront pas \u00e9chang\u00e9s ; ils ne seront pas vendus \u00e0 des organismes ou \u00e0 des soci\u00e9t\u00e9s et seront partag\u00e9s uniquement afin de conformer \u00e0 une loi du Canada ou du Qu\u00e9bec<\/p>\n<p>Vous pouvez faire enlever vos renseignements de cette base de donn\u00e9es n&rsquo;importe quand, en envoyant en courriel au i<a href=\"mailto:info@caaoi.ca\">nfo@caaoi.ca<\/a> avec comme objet le mot \u00ab D\u00e9sabonnement \u00bb sans aucun autre texte dans le message.<\/p>\n<h2>\n\t\t\tSuppression des renseignements de votre communication avec nous\t<\/h2>\n\t<p>Apr\u00e8s deux (2) ann\u00e9es, le CAAOI supprimera des renseignements que vous nous avez soumis \u00e0 la page <a href=\"https:\/\/caaoi.ca\/contact\/\"><strong>Contact<\/strong><\/a> ; vers le 31 janvier de chaque ann\u00e9e, le CAAOI supprimera toute donn\u00e9e collect\u00e9e qui date de plus que deux (2) ans \u00e0 ce moment.<\/p>\n<h2>\n\t\t\tCoordonn\u00e9es du responsable de la protection des renseignements personnels\t<\/h2>\n\t<p>Pour toute question concernant vos renseignements personnels, veuillez communiquer avec nous par courriel au info@caaoi.ca.<\/p>\n<p>La personne responsable vous r\u00e9pondra dans les trente (30) jours suivant la r\u00e9ception de votre courriel.<\/p>\n\t<p>* D&rsquo;apr\u00e8s le <em>Conseil des arts du Canada<\/em>, \u00ab Un groupe d&rsquo;artistes ad hoc est form\u00e9 de professionnels ind\u00e9pendants des arts visuels (selon la d\u00e9finition du Conseil) ayant chacun une pratique professionnelle et qui collaborent en tant que groupe pour un ou des projets ponctuels et occasionnels. \u00bb<\/p>\n\t<p><em>Derni\u00e8re mise \u00e0 jour : 6 juin 2025<\/em><\/p>\n\n","protected":false},"excerpt":{"rendered":"<p>Politique de confidentialit\u00e9 La protection de vos renseignements est importante pour le Circuit d&rsquo;ateliers d&rsquo;art de l&rsquo;Ouest-de-l&rsquo;\u00cele (CAAOI). Le CAAOI n&rsquo;est ni une association d&rsquo;arts ni une soci\u00e9t\u00e9, nous sommes un groupe d&rsquo;artistes visuels ad hoc selon le Conseil canadien des arts.* En tant que groupe &lsquo;ad hoc&rsquo;, les artistes qui participent au CAAOI peuvent&hellip;<\/p>\n","protected":false},"author":1,"featured_media":1482,"parent":0,"menu_order":100,"comment_status":"closed","ping_status":"closed","template":"","meta":{"_acf_changed":false,"footnotes":""},"class_list":["post-1423","page","type-page","status-publish","has-post-thumbnail","hentry"],"acf":[],"yoast_head":"<!-- This site is optimized with the Yoast SEO plugin v27.4 - https:\/\/yoast.com\/product\/yoast-seo-wordpress\/ -->\n<title>Politique de confidentialit\u00e9 | Circuit d\u2019ateliers d\u2019art de l\u2019Ouest de l\u2019\u00cele<\/title>\n<meta name=\"description\" content=\"D\u00e9couvrez comment le Circuit d\u2019ateliers d\u2019art de l\u2019Ouest de l\u2019\u00cele recueille, utilise et prot\u00e8ge vos renseignements personnels lorsque vous visitez notre site web ou nous contactez au sujet de nos \u00e9v\u00e9nements.\" \/>\n<meta name=\"robots\" content=\"index, follow, max-snippet:-1, max-image-preview:large, max-video-preview:-1\" \/>\n<link rel=\"canonical\" href=\"https:\/\/wiasc.ca\/fr\/politique-de-confidentialite\/\" \/>\n<meta property=\"og:locale\" content=\"fr_FR\" \/>\n<meta property=\"og:type\" content=\"article\" \/>\n<meta property=\"og:title\" content=\"Politique de confidentialit\u00e9 | Circuit d\u2019ateliers d\u2019art de l\u2019Ouest de l\u2019\u00cele\" \/>\n<meta property=\"og:description\" content=\"D\u00e9couvrez comment le Circuit d\u2019ateliers d\u2019art de l\u2019Ouest de l\u2019\u00cele recueille, utilise et prot\u00e8ge vos renseignements personnels lorsque vous visitez notre site web ou nous contactez au sujet de nos \u00e9v\u00e9nements.\" \/>\n<meta property=\"og:url\" content=\"https:\/\/wiasc.ca\/fr\/politique-de-confidentialite\/\" \/>\n<meta property=\"og:site_name\" content=\"Circuit d&#039;ateliers d&#039;art de l&#039;Ouest-de-l&#039;\u00cele\" \/>\n<meta property=\"article:modified_time\" content=\"2025-06-19T19:04:15+00:00\" \/>\n<meta property=\"og:image\" content=\"https:\/\/wiasc.ca\/wp-content\/uploads\/2025\/06\/Facebook-wiasc-1024x576.jpg\" \/>\n<meta name=\"twitter:card\" content=\"summary_large_image\" \/>\n<meta name=\"twitter:site\" content=\"@CAAOI_WIASC\" \/>\n<meta name=\"twitter:label1\" content=\"Dur\u00e9e de lecture estim\u00e9e\" \/>\n\t<meta name=\"twitter:data1\" content=\"4 minutes\" \/>\n<script type=\"application\/ld+json\" class=\"yoast-schema-graph\">{\"@context\":\"https:\\\/\\\/schema.org\",\"@graph\":[{\"@type\":\"WebPage\",\"@id\":\"https:\\\/\\\/wiasc.ca\\\/fr\\\/politique-de-confidentialite\\\/\",\"url\":\"https:\\\/\\\/wiasc.ca\\\/fr\\\/politique-de-confidentialite\\\/\",\"name\":\"Politique de confidentialit\u00e9 | Circuit d\u2019ateliers d\u2019art de l\u2019Ouest de l\u2019\u00cele\",\"isPartOf\":{\"@id\":\"https:\\\/\\\/wiasc.ca\\\/fr\\\/#website\"},\"primaryImageOfPage\":{\"@id\":\"https:\\\/\\\/wiasc.ca\\\/fr\\\/politique-de-confidentialite\\\/#primaryimage\"},\"image\":{\"@id\":\"https:\\\/\\\/wiasc.ca\\\/fr\\\/politique-de-confidentialite\\\/#primaryimage\"},\"thumbnailUrl\":\"https:\\\/\\\/wiasc.ca\\\/wp-content\\\/uploads\\\/2025\\\/06\\\/Logo-WIASC-SEO.png\",\"datePublished\":\"2025-04-15T19:00:33+00:00\",\"dateModified\":\"2025-06-19T19:04:15+00:00\",\"description\":\"D\u00e9couvrez comment le Circuit d\u2019ateliers d\u2019art de l\u2019Ouest de l\u2019\u00cele recueille, utilise et prot\u00e8ge vos renseignements personnels lorsque vous visitez notre site web ou nous contactez au sujet de nos \u00e9v\u00e9nements.\",\"breadcrumb\":{\"@id\":\"https:\\\/\\\/wiasc.ca\\\/fr\\\/politique-de-confidentialite\\\/#breadcrumb\"},\"inLanguage\":\"fr-FR\",\"potentialAction\":[{\"@type\":\"ReadAction\",\"target\":[\"https:\\\/\\\/wiasc.ca\\\/fr\\\/politique-de-confidentialite\\\/\"]}]},{\"@type\":\"ImageObject\",\"inLanguage\":\"fr-FR\",\"@id\":\"https:\\\/\\\/wiasc.ca\\\/fr\\\/politique-de-confidentialite\\\/#primaryimage\",\"url\":\"https:\\\/\\\/wiasc.ca\\\/wp-content\\\/uploads\\\/2025\\\/06\\\/Logo-WIASC-SEO.png\",\"contentUrl\":\"https:\\\/\\\/wiasc.ca\\\/wp-content\\\/uploads\\\/2025\\\/06\\\/Logo-WIASC-SEO.png\",\"width\":696,\"height\":696,\"caption\":\"West Island Art Studio Circuit\"},{\"@type\":\"BreadcrumbList\",\"@id\":\"https:\\\/\\\/wiasc.ca\\\/fr\\\/politique-de-confidentialite\\\/#breadcrumb\",\"itemListElement\":[{\"@type\":\"ListItem\",\"position\":1,\"name\":\"Home\",\"item\":\"https:\\\/\\\/wiasc.ca\\\/fr\\\/\"},{\"@type\":\"ListItem\",\"position\":2,\"name\":\"Politique de confidentialit\u00e9\"}]},{\"@type\":\"WebSite\",\"@id\":\"https:\\\/\\\/wiasc.ca\\\/fr\\\/#website\",\"url\":\"https:\\\/\\\/wiasc.ca\\\/fr\\\/\",\"name\":\"West Island Art Studio Circuit\",\"description\":\"L\u2019art tout pr\u00e8s de chez vous \u2014 d\u00e9couvrez-le avec le CAAOI.\",\"publisher\":{\"@id\":\"https:\\\/\\\/wiasc.ca\\\/fr\\\/#organization\"},\"alternateName\":\"Circuit d'ateliers d'art de l'Ouest-de-l'\u00cele\",\"potentialAction\":[{\"@type\":\"SearchAction\",\"target\":{\"@type\":\"EntryPoint\",\"urlTemplate\":\"https:\\\/\\\/wiasc.ca\\\/fr\\\/?s={search_term_string}\"},\"query-input\":{\"@type\":\"PropertyValueSpecification\",\"valueRequired\":true,\"valueName\":\"search_term_string\"}}],\"inLanguage\":\"fr-FR\"},{\"@type\":\"Organization\",\"@id\":\"https:\\\/\\\/wiasc.ca\\\/fr\\\/#organization\",\"name\":\"West Island Art Studio Circuit\",\"alternateName\":\"Circuit d'ateliers d'art de l'Ouest-de-l'\u00cele\",\"url\":\"https:\\\/\\\/wiasc.ca\\\/fr\\\/\",\"logo\":{\"@type\":\"ImageObject\",\"inLanguage\":\"fr-FR\",\"@id\":\"https:\\\/\\\/wiasc.ca\\\/fr\\\/#\\\/schema\\\/logo\\\/image\\\/\",\"url\":\"https:\\\/\\\/wiasc.ca\\\/wp-content\\\/uploads\\\/2025\\\/06\\\/Logo-WIASC-SEO.png\",\"contentUrl\":\"https:\\\/\\\/wiasc.ca\\\/wp-content\\\/uploads\\\/2025\\\/06\\\/Logo-WIASC-SEO.png\",\"width\":696,\"height\":696,\"caption\":\"West Island Art Studio Circuit\"},\"image\":{\"@id\":\"https:\\\/\\\/wiasc.ca\\\/fr\\\/#\\\/schema\\\/logo\\\/image\\\/\"},\"sameAs\":[\"https:\\\/\\\/x.com\\\/CAAOI_WIASC\",\"https:\\\/\\\/www.linkedin.com\\\/company\\\/caaoi-wiasc\\\/\",\"https:\\\/\\\/www.instagram.com\\\/caaoi_wiasc\",\"https:\\\/\\\/bsky.app\\\/profile\\\/caaoi-wiasc.bsky.social\"]}]}<\/script>\n<!-- \/ Yoast SEO plugin. -->","yoast_head_json":{"title":"Politique de confidentialit\u00e9 | Circuit d\u2019ateliers d\u2019art de l\u2019Ouest de l\u2019\u00cele","description":"D\u00e9couvrez comment le Circuit d\u2019ateliers d\u2019art de l\u2019Ouest de l\u2019\u00cele recueille, utilise et prot\u00e8ge vos renseignements personnels lorsque vous visitez notre site web ou nous contactez au sujet de nos \u00e9v\u00e9nements.","robots":{"index":"index","follow":"follow","max-snippet":"max-snippet:-1","max-image-preview":"max-image-preview:large","max-video-preview":"max-video-preview:-1"},"canonical":"https:\/\/wiasc.ca\/fr\/politique-de-confidentialite\/","og_locale":"fr_FR","og_type":"article","og_title":"Politique de confidentialit\u00e9 | Circuit d\u2019ateliers d\u2019art de l\u2019Ouest de l\u2019\u00cele","og_description":"D\u00e9couvrez comment le Circuit d\u2019ateliers d\u2019art de l\u2019Ouest de l\u2019\u00cele recueille, utilise et prot\u00e8ge vos renseignements personnels lorsque vous visitez notre site web ou nous contactez au sujet de nos \u00e9v\u00e9nements.","og_url":"https:\/\/wiasc.ca\/fr\/politique-de-confidentialite\/","og_site_name":"Circuit d'ateliers d'art de l'Ouest-de-l'\u00cele","article_modified_time":"2025-06-19T19:04:15+00:00","og_image":[{"url":"https:\/\/wiasc.ca\/wp-content\/uploads\/2025\/06\/Facebook-wiasc-1024x576.jpg","type":"","width":"","height":""}],"twitter_card":"summary_large_image","twitter_site":"@CAAOI_WIASC","twitter_misc":{"Dur\u00e9e de lecture estim\u00e9e":"4 minutes"},"schema":{"@context":"https:\/\/schema.org","@graph":[{"@type":"WebPage","@id":"https:\/\/wiasc.ca\/fr\/politique-de-confidentialite\/","url":"https:\/\/wiasc.ca\/fr\/politique-de-confidentialite\/","name":"Politique de confidentialit\u00e9 | Circuit d\u2019ateliers d\u2019art de l\u2019Ouest de l\u2019\u00cele","isPartOf":{"@id":"https:\/\/wiasc.ca\/fr\/#website"},"primaryImageOfPage":{"@id":"https:\/\/wiasc.ca\/fr\/politique-de-confidentialite\/#primaryimage"},"image":{"@id":"https:\/\/wiasc.ca\/fr\/politique-de-confidentialite\/#primaryimage"},"thumbnailUrl":"https:\/\/wiasc.ca\/wp-content\/uploads\/2025\/06\/Logo-WIASC-SEO.png","datePublished":"2025-04-15T19:00:33+00:00","dateModified":"2025-06-19T19:04:15+00:00","description":"D\u00e9couvrez comment le Circuit d\u2019ateliers d\u2019art de l\u2019Ouest de l\u2019\u00cele recueille, utilise et prot\u00e8ge vos renseignements personnels lorsque vous visitez notre site web ou nous contactez au sujet de nos \u00e9v\u00e9nements.","breadcrumb":{"@id":"https:\/\/wiasc.ca\/fr\/politique-de-confidentialite\/#breadcrumb"},"inLanguage":"fr-FR","potentialAction":[{"@type":"ReadAction","target":["https:\/\/wiasc.ca\/fr\/politique-de-confidentialite\/"]}]},{"@type":"ImageObject","inLanguage":"fr-FR","@id":"https:\/\/wiasc.ca\/fr\/politique-de-confidentialite\/#primaryimage","url":"https:\/\/wiasc.ca\/wp-content\/uploads\/2025\/06\/Logo-WIASC-SEO.png","contentUrl":"https:\/\/wiasc.ca\/wp-content\/uploads\/2025\/06\/Logo-WIASC-SEO.png","width":696,"height":696,"caption":"West Island Art Studio Circuit"},{"@type":"BreadcrumbList","@id":"https:\/\/wiasc.ca\/fr\/politique-de-confidentialite\/#breadcrumb","itemListElement":[{"@type":"ListItem","position":1,"name":"Home","item":"https:\/\/wiasc.ca\/fr\/"},{"@type":"ListItem","position":2,"name":"Politique de confidentialit\u00e9"}]},{"@type":"WebSite","@id":"https:\/\/wiasc.ca\/fr\/#website","url":"https:\/\/wiasc.ca\/fr\/","name":"West Island Art Studio Circuit","description":"L\u2019art tout pr\u00e8s de chez vous \u2014 d\u00e9couvrez-le avec le CAAOI.","publisher":{"@id":"https:\/\/wiasc.ca\/fr\/#organization"},"alternateName":"Circuit d'ateliers d'art de l'Ouest-de-l'\u00cele","potentialAction":[{"@type":"SearchAction","target":{"@type":"EntryPoint","urlTemplate":"https:\/\/wiasc.ca\/fr\/?s={search_term_string}"},"query-input":{"@type":"PropertyValueSpecification","valueRequired":true,"valueName":"search_term_string"}}],"inLanguage":"fr-FR"},{"@type":"Organization","@id":"https:\/\/wiasc.ca\/fr\/#organization","name":"West Island Art Studio Circuit","alternateName":"Circuit d'ateliers d'art de l'Ouest-de-l'\u00cele","url":"https:\/\/wiasc.ca\/fr\/","logo":{"@type":"ImageObject","inLanguage":"fr-FR","@id":"https:\/\/wiasc.ca\/fr\/#\/schema\/logo\/image\/","url":"https:\/\/wiasc.ca\/wp-content\/uploads\/2025\/06\/Logo-WIASC-SEO.png","contentUrl":"https:\/\/wiasc.ca\/wp-content\/uploads\/2025\/06\/Logo-WIASC-SEO.png","width":696,"height":696,"caption":"West Island Art Studio Circuit"},"image":{"@id":"https:\/\/wiasc.ca\/fr\/#\/schema\/logo\/image\/"},"sameAs":["https:\/\/x.com\/CAAOI_WIASC","https:\/\/www.linkedin.com\/company\/caaoi-wiasc\/","https:\/\/www.instagram.com\/caaoi_wiasc","https:\/\/bsky.app\/profile\/caaoi-wiasc.bsky.social"]}]}},"_links":{"self":[{"href":"https:\/\/wiasc.ca\/fr\/wp-json\/wp\/v2\/pages\/1423","targetHints":{"allow":["GET"]}}],"collection":[{"href":"https:\/\/wiasc.ca\/fr\/wp-json\/wp\/v2\/pages"}],"about":[{"href":"https:\/\/wiasc.ca\/fr\/wp-json\/wp\/v2\/types\/page"}],"author":[{"embeddable":true,"href":"https:\/\/wiasc.ca\/fr\/wp-json\/wp\/v2\/users\/1"}],"replies":[{"embeddable":true,"href":"https:\/\/wiasc.ca\/fr\/wp-json\/wp\/v2\/comments?post=1423"}],"version-history":[{"count":5,"href":"https:\/\/wiasc.ca\/fr\/wp-json\/wp\/v2\/pages\/1423\/revisions"}],"predecessor-version":[{"id":1526,"href":"https:\/\/wiasc.ca\/fr\/wp-json\/wp\/v2\/pages\/1423\/revisions\/1526"}],"wp:featuredmedia":[{"embeddable":true,"href":"https:\/\/wiasc.ca\/fr\/wp-json\/wp\/v2\/media\/1482"}],"wp:attachment":[{"href":"https:\/\/wiasc.ca\/fr\/wp-json\/wp\/v2\/media?parent=1423"}],"curies":[{"name":"wp","href":"https:\/\/api.w.org\/{rel}","templated":true}]}}