{"id":1422,"date":"2025-04-23T13:20:04","date_gmt":"2025-04-23T17:20:04","guid":{"rendered":"https:\/\/wiasc.ca\/artistes\/"},"modified":"2025-06-18T10:07:07","modified_gmt":"2025-06-18T14:07:07","slug":"artistes","status":"publish","type":"page","link":"https:\/\/wiasc.ca\/fr\/artistes\/","title":{"rendered":"Artistes"},"content":{"rendered":"\n<h2>\n\t\t\tRencontrez les artistes\t<\/h2>\n\n","protected":false},"excerpt":{"rendered":"<p>Rencontrez les artistes<\/p>\n","protected":false},"author":1,"featured_media":1482,"parent":0,"menu_order":10,"comment_status":"closed","ping_status":"closed","template":"","meta":{"_acf_changed":false,"footnotes":""},"class_list":["post-1422","page","type-page","status-publish","has-post-thumbnail","hentry"],"acf":[],"yoast_head":"<!-- This site is optimized with the Yoast SEO plugin v27.5 - https:\/\/yoast.com\/product\/yoast-seo-wordpress\/ -->\n<title>Artistes du CAAOI | Portraits &amp; ateliers \u00e0 d\u00e9couvrir<\/title>\n<meta name=\"description\" content=\"D\u00e9couvrez les artistes du CAAOI et explorez leur univers cr\u00e9atif. D\u00e9couvrez les artistes du CAAOI et explorez leur univers cr\u00e9atif, leurs inspirations et leurs ateliers \u00e0 travers l\u2019Ouest-de-l\u2019\u00cele.\" \/>\n<meta name=\"robots\" content=\"index, follow, max-snippet:-1, max-image-preview:large, max-video-preview:-1\" \/>\n<link rel=\"canonical\" href=\"https:\/\/wiasc.ca\/fr\/artistes\/\" \/>\n<meta property=\"og:locale\" content=\"fr_FR\" \/>\n<meta property=\"og:type\" content=\"article\" \/>\n<meta property=\"og:title\" content=\"Artistes du CAAOI | Portraits &amp; ateliers \u00e0 d\u00e9couvrir\" \/>\n<meta property=\"og:description\" content=\"D\u00e9couvrez les artistes du CAAOI et explorez leur univers cr\u00e9atif. D\u00e9couvrez les artistes du CAAOI et explorez leur univers cr\u00e9atif, leurs inspirations et leurs ateliers \u00e0 travers l\u2019Ouest-de-l\u2019\u00cele.\" \/>\n<meta property=\"og:url\" content=\"https:\/\/wiasc.ca\/fr\/artistes\/\" \/>\n<meta property=\"og:site_name\" content=\"Circuit d&#039;ateliers d&#039;art de l&#039;Ouest-de-l&#039;\u00cele\" \/>\n<meta property=\"article:modified_time\" content=\"2025-06-18T14:07:07+00:00\" \/>\n<meta property=\"og:image\" content=\"https:\/\/wiasc.ca\/wp-content\/uploads\/2025\/06\/Facebook-wiasc-1024x576.jpg\" \/>\n<meta name=\"twitter:card\" content=\"summary_large_image\" \/>\n<meta name=\"twitter:site\" content=\"@CAAOI_WIASC\" \/>\n<script type=\"application\/ld+json\" class=\"yoast-schema-graph\">{\"@context\":\"https:\\\/\\\/schema.org\",\"@graph\":[{\"@type\":\"WebPage\",\"@id\":\"https:\\\/\\\/wiasc.ca\\\/fr\\\/artistes\\\/\",\"url\":\"https:\\\/\\\/wiasc.ca\\\/fr\\\/artistes\\\/\",\"name\":\"Artistes du CAAOI | Portraits & ateliers \u00e0 d\u00e9couvrir\",\"isPartOf\":{\"@id\":\"https:\\\/\\\/wiasc.ca\\\/fr\\\/#website\"},\"primaryImageOfPage\":{\"@id\":\"https:\\\/\\\/wiasc.ca\\\/fr\\\/artistes\\\/#primaryimage\"},\"image\":{\"@id\":\"https:\\\/\\\/wiasc.ca\\\/fr\\\/artistes\\\/#primaryimage\"},\"thumbnailUrl\":\"https:\\\/\\\/wiasc.ca\\\/wp-content\\\/uploads\\\/2025\\\/06\\\/Logo-WIASC-SEO.png\",\"datePublished\":\"2025-04-23T17:20:04+00:00\",\"dateModified\":\"2025-06-18T14:07:07+00:00\",\"description\":\"D\u00e9couvrez les artistes du CAAOI et explorez leur univers cr\u00e9atif. D\u00e9couvrez les artistes du CAAOI et explorez leur univers cr\u00e9atif, leurs inspirations et leurs ateliers \u00e0 travers l\u2019Ouest-de-l\u2019\u00cele.\",\"breadcrumb\":{\"@id\":\"https:\\\/\\\/wiasc.ca\\\/fr\\\/artistes\\\/#breadcrumb\"},\"inLanguage\":\"fr-FR\",\"potentialAction\":[{\"@type\":\"ReadAction\",\"target\":[\"https:\\\/\\\/wiasc.ca\\\/fr\\\/artistes\\\/\"]}]},{\"@type\":\"ImageObject\",\"inLanguage\":\"fr-FR\",\"@id\":\"https:\\\/\\\/wiasc.ca\\\/fr\\\/artistes\\\/#primaryimage\",\"url\":\"https:\\\/\\\/wiasc.ca\\\/wp-content\\\/uploads\\\/2025\\\/06\\\/Logo-WIASC-SEO.png\",\"contentUrl\":\"https:\\\/\\\/wiasc.ca\\\/wp-content\\\/uploads\\\/2025\\\/06\\\/Logo-WIASC-SEO.png\",\"width\":696,\"height\":696,\"caption\":\"West Island Art Studio Circuit\"},{\"@type\":\"BreadcrumbList\",\"@id\":\"https:\\\/\\\/wiasc.ca\\\/fr\\\/artistes\\\/#breadcrumb\",\"itemListElement\":[{\"@type\":\"ListItem\",\"position\":1,\"name\":\"Home\",\"item\":\"https:\\\/\\\/wiasc.ca\\\/fr\\\/\"},{\"@type\":\"ListItem\",\"position\":2,\"name\":\"Artistes\"}]},{\"@type\":\"WebSite\",\"@id\":\"https:\\\/\\\/wiasc.ca\\\/fr\\\/#website\",\"url\":\"https:\\\/\\\/wiasc.ca\\\/fr\\\/\",\"name\":\"West Island Art Studio Circuit\",\"description\":\"L\u2019art tout pr\u00e8s de chez vous \u2014 d\u00e9couvrez-le avec le CAAOI.\",\"publisher\":{\"@id\":\"https:\\\/\\\/wiasc.ca\\\/fr\\\/#organization\"},\"alternateName\":\"Circuit d'ateliers d'art de l'Ouest-de-l'\u00cele\",\"potentialAction\":[{\"@type\":\"SearchAction\",\"target\":{\"@type\":\"EntryPoint\",\"urlTemplate\":\"https:\\\/\\\/wiasc.ca\\\/fr\\\/?s={search_term_string}\"},\"query-input\":{\"@type\":\"PropertyValueSpecification\",\"valueRequired\":true,\"valueName\":\"search_term_string\"}}],\"inLanguage\":\"fr-FR\"},{\"@type\":\"Organization\",\"@id\":\"https:\\\/\\\/wiasc.ca\\\/fr\\\/#organization\",\"name\":\"West Island Art Studio Circuit\",\"alternateName\":\"Circuit d'ateliers d'art de l'Ouest-de-l'\u00cele\",\"url\":\"https:\\\/\\\/wiasc.ca\\\/fr\\\/\",\"logo\":{\"@type\":\"ImageObject\",\"inLanguage\":\"fr-FR\",\"@id\":\"https:\\\/\\\/wiasc.ca\\\/fr\\\/#\\\/schema\\\/logo\\\/image\\\/\",\"url\":\"https:\\\/\\\/wiasc.ca\\\/wp-content\\\/uploads\\\/2025\\\/06\\\/Logo-WIASC-SEO.png\",\"contentUrl\":\"https:\\\/\\\/wiasc.ca\\\/wp-content\\\/uploads\\\/2025\\\/06\\\/Logo-WIASC-SEO.png\",\"width\":696,\"height\":696,\"caption\":\"West Island Art Studio Circuit\"},\"image\":{\"@id\":\"https:\\\/\\\/wiasc.ca\\\/fr\\\/#\\\/schema\\\/logo\\\/image\\\/\"},\"sameAs\":[\"https:\\\/\\\/x.com\\\/CAAOI_WIASC\",\"https:\\\/\\\/www.linkedin.com\\\/company\\\/caaoi-wiasc\\\/\",\"https:\\\/\\\/www.instagram.com\\\/caaoi_wiasc\",\"https:\\\/\\\/bsky.app\\\/profile\\\/caaoi-wiasc.bsky.social\"]}]}<\/script>\n<!-- \/ Yoast SEO plugin. -->","yoast_head_json":{"title":"Artistes du CAAOI | Portraits & ateliers \u00e0 d\u00e9couvrir","description":"D\u00e9couvrez les artistes du CAAOI et explorez leur univers cr\u00e9atif. D\u00e9couvrez les artistes du CAAOI et explorez leur univers cr\u00e9atif, leurs inspirations et leurs ateliers \u00e0 travers l\u2019Ouest-de-l\u2019\u00cele.","robots":{"index":"index","follow":"follow","max-snippet":"max-snippet:-1","max-image-preview":"max-image-preview:large","max-video-preview":"max-video-preview:-1"},"canonical":"https:\/\/wiasc.ca\/fr\/artistes\/","og_locale":"fr_FR","og_type":"article","og_title":"Artistes du CAAOI | Portraits & ateliers \u00e0 d\u00e9couvrir","og_description":"D\u00e9couvrez les artistes du CAAOI et explorez leur univers cr\u00e9atif. D\u00e9couvrez les artistes du CAAOI et explorez leur univers cr\u00e9atif, leurs inspirations et leurs ateliers \u00e0 travers l\u2019Ouest-de-l\u2019\u00cele.","og_url":"https:\/\/wiasc.ca\/fr\/artistes\/","og_site_name":"Circuit d'ateliers d'art de l'Ouest-de-l'\u00cele","article_modified_time":"2025-06-18T14:07:07+00:00","og_image":[{"url":"https:\/\/wiasc.ca\/wp-content\/uploads\/2025\/06\/Facebook-wiasc-1024x576.jpg","type":"","width":"","height":""}],"twitter_card":"summary_large_image","twitter_site":"@CAAOI_WIASC","schema":{"@context":"https:\/\/schema.org","@graph":[{"@type":"WebPage","@id":"https:\/\/wiasc.ca\/fr\/artistes\/","url":"https:\/\/wiasc.ca\/fr\/artistes\/","name":"Artistes du CAAOI | Portraits & ateliers \u00e0 d\u00e9couvrir","isPartOf":{"@id":"https:\/\/wiasc.ca\/fr\/#website"},"primaryImageOfPage":{"@id":"https:\/\/wiasc.ca\/fr\/artistes\/#primaryimage"},"image":{"@id":"https:\/\/wiasc.ca\/fr\/artistes\/#primaryimage"},"thumbnailUrl":"https:\/\/wiasc.ca\/wp-content\/uploads\/2025\/06\/Logo-WIASC-SEO.png","datePublished":"2025-04-23T17:20:04+00:00","dateModified":"2025-06-18T14:07:07+00:00","description":"D\u00e9couvrez les artistes du CAAOI et explorez leur univers cr\u00e9atif. D\u00e9couvrez les artistes du CAAOI et explorez leur univers cr\u00e9atif, leurs inspirations et leurs ateliers \u00e0 travers l\u2019Ouest-de-l\u2019\u00cele.","breadcrumb":{"@id":"https:\/\/wiasc.ca\/fr\/artistes\/#breadcrumb"},"inLanguage":"fr-FR","potentialAction":[{"@type":"ReadAction","target":["https:\/\/wiasc.ca\/fr\/artistes\/"]}]},{"@type":"ImageObject","inLanguage":"fr-FR","@id":"https:\/\/wiasc.ca\/fr\/artistes\/#primaryimage","url":"https:\/\/wiasc.ca\/wp-content\/uploads\/2025\/06\/Logo-WIASC-SEO.png","contentUrl":"https:\/\/wiasc.ca\/wp-content\/uploads\/2025\/06\/Logo-WIASC-SEO.png","width":696,"height":696,"caption":"West Island Art Studio Circuit"},{"@type":"BreadcrumbList","@id":"https:\/\/wiasc.ca\/fr\/artistes\/#breadcrumb","itemListElement":[{"@type":"ListItem","position":1,"name":"Home","item":"https:\/\/wiasc.ca\/fr\/"},{"@type":"ListItem","position":2,"name":"Artistes"}]},{"@type":"WebSite","@id":"https:\/\/wiasc.ca\/fr\/#website","url":"https:\/\/wiasc.ca\/fr\/","name":"West Island Art Studio Circuit","description":"L\u2019art tout pr\u00e8s de chez vous \u2014 d\u00e9couvrez-le avec le CAAOI.","publisher":{"@id":"https:\/\/wiasc.ca\/fr\/#organization"},"alternateName":"Circuit d'ateliers d'art de l'Ouest-de-l'\u00cele","potentialAction":[{"@type":"SearchAction","target":{"@type":"EntryPoint","urlTemplate":"https:\/\/wiasc.ca\/fr\/?s={search_term_string}"},"query-input":{"@type":"PropertyValueSpecification","valueRequired":true,"valueName":"search_term_string"}}],"inLanguage":"fr-FR"},{"@type":"Organization","@id":"https:\/\/wiasc.ca\/fr\/#organization","name":"West Island Art Studio Circuit","alternateName":"Circuit d'ateliers d'art de l'Ouest-de-l'\u00cele","url":"https:\/\/wiasc.ca\/fr\/","logo":{"@type":"ImageObject","inLanguage":"fr-FR","@id":"https:\/\/wiasc.ca\/fr\/#\/schema\/logo\/image\/","url":"https:\/\/wiasc.ca\/wp-content\/uploads\/2025\/06\/Logo-WIASC-SEO.png","contentUrl":"https:\/\/wiasc.ca\/wp-content\/uploads\/2025\/06\/Logo-WIASC-SEO.png","width":696,"height":696,"caption":"West Island Art Studio Circuit"},"image":{"@id":"https:\/\/wiasc.ca\/fr\/#\/schema\/logo\/image\/"},"sameAs":["https:\/\/x.com\/CAAOI_WIASC","https:\/\/www.linkedin.com\/company\/caaoi-wiasc\/","https:\/\/www.instagram.com\/caaoi_wiasc","https:\/\/bsky.app\/profile\/caaoi-wiasc.bsky.social"]}]}},"_links":{"self":[{"href":"https:\/\/wiasc.ca\/fr\/wp-json\/wp\/v2\/pages\/1422","targetHints":{"allow":["GET"]}}],"collection":[{"href":"https:\/\/wiasc.ca\/fr\/wp-json\/wp\/v2\/pages"}],"about":[{"href":"https:\/\/wiasc.ca\/fr\/wp-json\/wp\/v2\/types\/page"}],"author":[{"embeddable":true,"href":"https:\/\/wiasc.ca\/fr\/wp-json\/wp\/v2\/users\/1"}],"replies":[{"embeddable":true,"href":"https:\/\/wiasc.ca\/fr\/wp-json\/wp\/v2\/comments?post=1422"}],"version-history":[{"count":2,"href":"https:\/\/wiasc.ca\/fr\/wp-json\/wp\/v2\/pages\/1422\/revisions"}],"predecessor-version":[{"id":1519,"href":"https:\/\/wiasc.ca\/fr\/wp-json\/wp\/v2\/pages\/1422\/revisions\/1519"}],"wp:featuredmedia":[{"embeddable":true,"href":"https:\/\/wiasc.ca\/fr\/wp-json\/wp\/v2\/media\/1482"}],"wp:attachment":[{"href":"https:\/\/wiasc.ca\/fr\/wp-json\/wp\/v2\/media?parent=1422"}],"curies":[{"name":"wp","href":"https:\/\/api.w.org\/{rel}","templated":true}]}}