{"id":1421,"date":"2025-04-23T13:20:23","date_gmt":"2025-04-23T17:20:23","guid":{"rendered":"https:\/\/wiasc.ca\/media\/"},"modified":"2026-04-08T17:00:39","modified_gmt":"2026-04-08T21:00:39","slug":"media","status":"publish","type":"page","link":"https:\/\/wiasc.ca\/fr\/media\/","title":{"rendered":"M\u00e9dia"},"content":{"rendered":"\n<h1>\n\t\t\tEspace m\u00e9dias\t<\/h1>\n\t<p>Bienvenue sur la page m\u00e9dias du CAAOI &#8211; vous y trouverez tout le mat\u00e9riel n\u00e9cessaire pour partager l&rsquo;histoire du Circuit des ateliers d&rsquo;art de l&rsquo;Ouest-de-l&rsquo;\u00cele.<\/p>\n\t\t\t<a href=\"https:\/\/wiasc.ca\/wp-content\/uploads\/2025\/05\/logo-wi-art-tour-media.jpg\"  target=\"_blank\" rel=\"noopener\"   download  rel=\"noopener\">\n\t\t\t\t\t\tT\u00e9l\u00e9chargez le logo du CAAOI\n\t\t\t\t\t<\/a>\n<h2>\n\t\t\tCommuniqu\u00e9s de presse r\u00e9cents\t<\/h2>\n<h3>\n\t\t\tLe Circuit d&rsquo;ateliers d&rsquo;art de l&rsquo;Ouest-de-l&rsquo;\u00cele (CAAOI) pr\u00e9sentera deux journ\u00e9es gratuites Portes ouvertes des ateliers d&rsquo;artistes \u00e0 la mi-ao\u00fbt !\t<\/h3>\n<h5>\n\t\t\tPubli\u00e9 le 15 f\u00e9vrier 2026\t<\/h5>\n<figure itemscope itemtype=\"https:\/\/schema.org\/ImageObject\">\n\t\t\t\t<img decoding=\"async\" src=\"https:\/\/wiasc.ca\/wp-content\/uploads\/2025\/04\/Gallien-Krysia_00_studio.jpg\" alt=\"Gallien, Krysia_00_studio\" height=\"640\" width=\"480\" title=\"Gallien, Krysia_00_studio\" onerror=\"this.style.display='none'\" loading=\"lazy\" \/>\n\t<\/figure>\n\t<p>Apr\u00e8s le succ\u00e8s \u00e9clatant de sa toute-premi\u00e8re saison, le Circuit d&rsquo;ateliers d&rsquo;art de l&rsquo;Ouest-de-l&rsquo;\u00cele (CAAOI) sera de retour cet \u00e9t\u00e9 avec deux journ\u00e9es gratuites Portes ouvertes pour explorer le monde des arts visuels. La fin de semaine du 15-16 ao\u00fbt 2026, entre 10 h et 16 h le samedi et dimanche, cette c\u00e9l\u00e9bration de la cr\u00e9ativit\u00e9 mettra en valeur le talent artistique incroyable de ce secteur de l&rsquo;\u00cele de Montr\u00e9al.<\/p>\n\t\t\t<a href=\"https:\/\/wiasc.ca\/wp-content\/uploads\/2026\/04\/Commu_de_presse_20260215_CAAOI_Jour_port_ouv_ateliers.pdf\"  target=\"_blank\" rel=\"noopener\"    rel=\"noopener\">\n\t\t\t\t\t\tLire le communiqu\u00e9 de presse complet\n\t\t\t\t\t<\/a>\n<h2>\n\t\t\tCommuniqu\u00e9s ant\u00e9rieurs\t<\/h2>\n<h3>\n\t\t\tExposition gratuite au caf\u00e9 Studio 77 en septembre 2025, des artistes du Circuit d&rsquo;ateliers d&rsquo;art de l&rsquo;Ouest-de-l&rsquo;\u00cele (CAAOI) !\t<\/h3>\n<h5>\n\t\t\tPubli\u00e9 le 27 ao\u00fbt 2025\t<\/h5>\n<figure itemscope itemtype=\"https:\/\/schema.org\/ImageObject\">\n\t\t\t\t<img decoding=\"async\" src=\"https:\/\/wiasc.ca\/wp-content\/uploads\/2025\/04\/Preetha-Mitran_Colors-of-the-Autumn.jpg\" alt=\"Preetha Mitran_Colors of the Autumn\" height=\"962\" width=\"2000\" title=\"Preetha Mitran_Colors of the Autumn\" onerror=\"this.style.display='none'\" loading=\"lazy\" \/>\n\t<\/figure>\n\t<p>Le Circuit d&rsquo;ateliers d&rsquo;art de l&rsquo;Ouest-de-l&rsquo;\u00cele (CAAOI) est fier de pr\u00e9senter, du 1er au 30 septembre 2025, l&rsquo;exposition gratuite \u00ab <em>Circuits<\/em> \u00bb mettant en vedette la cr\u00e9ativit\u00e9 et l&rsquo;innovation d&rsquo;onze artistes locaux qui ont particip\u00e9 \u00e0 la toute premi\u00e8re journ\u00e9e Portes ouvertes des ateliers d&rsquo;artistes annuelle du CAAOI \u00e0 la mi-ao\u00fbt. A l&rsquo;affiche du 1er au 30 septembre 2025, au caf\u00e9 <a href=\"https:\/\/www.facebook.com\/Studio77PointeClaire\/\" target=\"_blank\" rel=\"noopener\">Studio 77<\/a> au Village de Pointe-Claire.<\/p>\n\t\t\t<a href=\"https:\/\/wiasc.ca\/wp-content\/uploads\/2025\/08\/Commu_de_presse_20250827_CAAOI_Expo_au_cafe.pdf\"  target=\"_blank\" rel=\"noopener\"    rel=\"noopener\">\n\t\t\t\t\t\tLire le communiqu\u00e9 de presse complet\n\t\t\t\t\t<\/a>\n<h3>\n\t\t\tD\u00e9voilant le premier Circuit d&rsquo;ateliers d&rsquo;art de l&rsquo;Ouest-de-l&rsquo;\u00cele (CAAOI), avec<br \/>une Journ\u00e9e gratuite portes ouvertes des ateliers d&rsquo;artistes \u00e0 la mi-ao\u00fbt !\t<\/h3>\n<h5>\n\t\t\tPubli\u00e9 le 20 juin 2025\t<\/h5>\n\t<p>Le tout premier Circuit d&rsquo;ateliers d&rsquo;art de l&rsquo;Ouest-de-l&rsquo;\u00cele (CAAOI) d\u00e9bute avec une Journ\u00e9e portes ouvertes gratuite le 16 ao\u00fbt 2025. Onze artistes vous ouvrent leurs ateliers pour une exp\u00e9rience rare, conviviale et immersive.<\/p>\n\t\t\t<a href=\"https:\/\/wiasc.ca\/wp-content\/uploads\/2025\/06\/Commu-de-presse_20250620_CAAOI_Jour-port-ouv-ateliers.pdf\"  target=\"_blank\" rel=\"noopener\"    rel=\"noopener\">\n\t\t\t\t\t\tLire le communiqu\u00e9 de presse complet\n\t\t\t\t\t<\/a>\n\n","protected":false},"excerpt":{"rendered":"<p>Espace m\u00e9dias Bienvenue sur la page m\u00e9dias du CAAOI &#8211; vous y trouverez tout le mat\u00e9riel n\u00e9cessaire pour partager l&rsquo;histoire du Circuit des ateliers d&rsquo;art de l&rsquo;Ouest-de-l&rsquo;\u00cele. T\u00e9l\u00e9chargez le logo du CAAOI Communiqu\u00e9s de presse r\u00e9cents Le Circuit d&rsquo;ateliers d&rsquo;art de l&rsquo;Ouest-de-l&rsquo;\u00cele (CAAOI) pr\u00e9sentera deux journ\u00e9es gratuites Portes ouvertes des ateliers d&rsquo;artistes \u00e0 la mi-ao\u00fbt&hellip;<\/p>\n","protected":false},"author":1,"featured_media":0,"parent":0,"menu_order":20,"comment_status":"closed","ping_status":"closed","template":"","meta":{"_acf_changed":false,"footnotes":""},"class_list":["post-1421","page","type-page","status-publish","hentry"],"acf":[],"yoast_head":"<!-- This site is optimized with the Yoast SEO plugin v27.5 - https:\/\/yoast.com\/product\/yoast-seo-wordpress\/ -->\n<title>Presse et m\u00e9dias | Circuit d\u2019ateliers d\u2019art du West Island<\/title>\n<meta name=\"description\" content=\"Consultez les communiqu\u00e9s, trousses m\u00e9dias et nouvelles officielles du CAAOI, le Circuit d\u2019ateliers d\u2019art de l\u2019Ouest-de-l\u2019\u00cele. Un espace m\u00e9dia pens\u00e9 pour les journalistes, cr\u00e9ateurs de contenu et partenaires.\" \/>\n<meta name=\"robots\" content=\"index, follow, max-snippet:-1, max-image-preview:large, max-video-preview:-1\" \/>\n<link rel=\"canonical\" href=\"https:\/\/wiasc.ca\/fr\/media\/\" \/>\n<meta property=\"og:locale\" content=\"fr_FR\" \/>\n<meta property=\"og:type\" content=\"article\" \/>\n<meta property=\"og:title\" content=\"Presse et m\u00e9dias | Circuit d\u2019ateliers d\u2019art du West Island\" \/>\n<meta property=\"og:description\" content=\"Consultez les communiqu\u00e9s, trousses m\u00e9dias et nouvelles officielles du CAAOI, le Circuit d\u2019ateliers d\u2019art de l\u2019Ouest-de-l\u2019\u00cele. Un espace m\u00e9dia pens\u00e9 pour les journalistes, cr\u00e9ateurs de contenu et partenaires.\" \/>\n<meta property=\"og:url\" content=\"https:\/\/wiasc.ca\/fr\/media\/\" \/>\n<meta property=\"og:site_name\" content=\"Circuit d&#039;ateliers d&#039;art de l&#039;Ouest-de-l&#039;\u00cele\" \/>\n<meta property=\"article:modified_time\" content=\"2026-04-08T21:00:39+00:00\" \/>\n<meta property=\"og:image\" content=\"https:\/\/wiasc.ca\/wp-content\/uploads\/2025\/04\/Gallien-Krysia_00_studio.jpg\" \/>\n<meta name=\"twitter:card\" content=\"summary_large_image\" \/>\n<meta name=\"twitter:site\" content=\"@CAAOI_WIASC\" \/>\n<meta name=\"twitter:label1\" content=\"Dur\u00e9e de lecture estim\u00e9e\" \/>\n\t<meta name=\"twitter:data1\" content=\"2 minutes\" \/>\n<script type=\"application\/ld+json\" class=\"yoast-schema-graph\">{\"@context\":\"https:\\\/\\\/schema.org\",\"@graph\":[{\"@type\":\"WebPage\",\"@id\":\"https:\\\/\\\/wiasc.ca\\\/fr\\\/media\\\/\",\"url\":\"https:\\\/\\\/wiasc.ca\\\/fr\\\/media\\\/\",\"name\":\"Presse et m\u00e9dias | Circuit d\u2019ateliers d\u2019art du West Island\",\"isPartOf\":{\"@id\":\"https:\\\/\\\/wiasc.ca\\\/fr\\\/#website\"},\"primaryImageOfPage\":{\"@id\":\"https:\\\/\\\/wiasc.ca\\\/fr\\\/media\\\/#primaryimage\"},\"image\":{\"@id\":\"https:\\\/\\\/wiasc.ca\\\/fr\\\/media\\\/#primaryimage\"},\"thumbnailUrl\":\"https:\\\/\\\/wiasc.ca\\\/wp-content\\\/uploads\\\/2025\\\/04\\\/Gallien-Krysia_00_studio.jpg\",\"datePublished\":\"2025-04-23T17:20:23+00:00\",\"dateModified\":\"2026-04-08T21:00:39+00:00\",\"description\":\"Consultez les communiqu\u00e9s, trousses m\u00e9dias et nouvelles officielles du CAAOI, le Circuit d\u2019ateliers d\u2019art de l\u2019Ouest-de-l\u2019\u00cele. Un espace m\u00e9dia pens\u00e9 pour les journalistes, cr\u00e9ateurs de contenu et partenaires.\",\"breadcrumb\":{\"@id\":\"https:\\\/\\\/wiasc.ca\\\/fr\\\/media\\\/#breadcrumb\"},\"inLanguage\":\"fr-FR\",\"potentialAction\":[{\"@type\":\"ReadAction\",\"target\":[\"https:\\\/\\\/wiasc.ca\\\/fr\\\/media\\\/\"]}]},{\"@type\":\"ImageObject\",\"inLanguage\":\"fr-FR\",\"@id\":\"https:\\\/\\\/wiasc.ca\\\/fr\\\/media\\\/#primaryimage\",\"url\":\"https:\\\/\\\/wiasc.ca\\\/wp-content\\\/uploads\\\/2025\\\/04\\\/Gallien-Krysia_00_studio.jpg\",\"contentUrl\":\"https:\\\/\\\/wiasc.ca\\\/wp-content\\\/uploads\\\/2025\\\/04\\\/Gallien-Krysia_00_studio.jpg\"},{\"@type\":\"BreadcrumbList\",\"@id\":\"https:\\\/\\\/wiasc.ca\\\/fr\\\/media\\\/#breadcrumb\",\"itemListElement\":[{\"@type\":\"ListItem\",\"position\":1,\"name\":\"Home\",\"item\":\"https:\\\/\\\/wiasc.ca\\\/fr\\\/\"},{\"@type\":\"ListItem\",\"position\":2,\"name\":\"M\u00e9dia\"}]},{\"@type\":\"WebSite\",\"@id\":\"https:\\\/\\\/wiasc.ca\\\/fr\\\/#website\",\"url\":\"https:\\\/\\\/wiasc.ca\\\/fr\\\/\",\"name\":\"West Island Art Studio Circuit\",\"description\":\"L\u2019art tout pr\u00e8s de chez vous \u2014 d\u00e9couvrez-le avec le CAAOI.\",\"publisher\":{\"@id\":\"https:\\\/\\\/wiasc.ca\\\/fr\\\/#organization\"},\"alternateName\":\"Circuit d'ateliers d'art de l'Ouest-de-l'\u00cele\",\"potentialAction\":[{\"@type\":\"SearchAction\",\"target\":{\"@type\":\"EntryPoint\",\"urlTemplate\":\"https:\\\/\\\/wiasc.ca\\\/fr\\\/?s={search_term_string}\"},\"query-input\":{\"@type\":\"PropertyValueSpecification\",\"valueRequired\":true,\"valueName\":\"search_term_string\"}}],\"inLanguage\":\"fr-FR\"},{\"@type\":\"Organization\",\"@id\":\"https:\\\/\\\/wiasc.ca\\\/fr\\\/#organization\",\"name\":\"West Island Art Studio Circuit\",\"alternateName\":\"Circuit d'ateliers d'art de l'Ouest-de-l'\u00cele\",\"url\":\"https:\\\/\\\/wiasc.ca\\\/fr\\\/\",\"logo\":{\"@type\":\"ImageObject\",\"inLanguage\":\"fr-FR\",\"@id\":\"https:\\\/\\\/wiasc.ca\\\/fr\\\/#\\\/schema\\\/logo\\\/image\\\/\",\"url\":\"https:\\\/\\\/wiasc.ca\\\/wp-content\\\/uploads\\\/2025\\\/06\\\/Logo-WIASC-SEO.png\",\"contentUrl\":\"https:\\\/\\\/wiasc.ca\\\/wp-content\\\/uploads\\\/2025\\\/06\\\/Logo-WIASC-SEO.png\",\"width\":696,\"height\":696,\"caption\":\"West Island Art Studio Circuit\"},\"image\":{\"@id\":\"https:\\\/\\\/wiasc.ca\\\/fr\\\/#\\\/schema\\\/logo\\\/image\\\/\"},\"sameAs\":[\"https:\\\/\\\/x.com\\\/CAAOI_WIASC\",\"https:\\\/\\\/www.linkedin.com\\\/company\\\/caaoi-wiasc\\\/\",\"https:\\\/\\\/www.instagram.com\\\/caaoi_wiasc\",\"https:\\\/\\\/bsky.app\\\/profile\\\/caaoi-wiasc.bsky.social\"]}]}<\/script>\n<!-- \/ Yoast SEO plugin. -->","yoast_head_json":{"title":"Presse et m\u00e9dias | Circuit d\u2019ateliers d\u2019art du West Island","description":"Consultez les communiqu\u00e9s, trousses m\u00e9dias et nouvelles officielles du CAAOI, le Circuit d\u2019ateliers d\u2019art de l\u2019Ouest-de-l\u2019\u00cele. Un espace m\u00e9dia pens\u00e9 pour les journalistes, cr\u00e9ateurs de contenu et partenaires.","robots":{"index":"index","follow":"follow","max-snippet":"max-snippet:-1","max-image-preview":"max-image-preview:large","max-video-preview":"max-video-preview:-1"},"canonical":"https:\/\/wiasc.ca\/fr\/media\/","og_locale":"fr_FR","og_type":"article","og_title":"Presse et m\u00e9dias | Circuit d\u2019ateliers d\u2019art du West Island","og_description":"Consultez les communiqu\u00e9s, trousses m\u00e9dias et nouvelles officielles du CAAOI, le Circuit d\u2019ateliers d\u2019art de l\u2019Ouest-de-l\u2019\u00cele. Un espace m\u00e9dia pens\u00e9 pour les journalistes, cr\u00e9ateurs de contenu et partenaires.","og_url":"https:\/\/wiasc.ca\/fr\/media\/","og_site_name":"Circuit d'ateliers d'art de l'Ouest-de-l'\u00cele","article_modified_time":"2026-04-08T21:00:39+00:00","og_image":[{"url":"https:\/\/wiasc.ca\/wp-content\/uploads\/2025\/04\/Gallien-Krysia_00_studio.jpg","type":"","width":"","height":""}],"twitter_card":"summary_large_image","twitter_site":"@CAAOI_WIASC","twitter_misc":{"Dur\u00e9e de lecture estim\u00e9e":"2 minutes"},"schema":{"@context":"https:\/\/schema.org","@graph":[{"@type":"WebPage","@id":"https:\/\/wiasc.ca\/fr\/media\/","url":"https:\/\/wiasc.ca\/fr\/media\/","name":"Presse et m\u00e9dias | Circuit d\u2019ateliers d\u2019art du West Island","isPartOf":{"@id":"https:\/\/wiasc.ca\/fr\/#website"},"primaryImageOfPage":{"@id":"https:\/\/wiasc.ca\/fr\/media\/#primaryimage"},"image":{"@id":"https:\/\/wiasc.ca\/fr\/media\/#primaryimage"},"thumbnailUrl":"https:\/\/wiasc.ca\/wp-content\/uploads\/2025\/04\/Gallien-Krysia_00_studio.jpg","datePublished":"2025-04-23T17:20:23+00:00","dateModified":"2026-04-08T21:00:39+00:00","description":"Consultez les communiqu\u00e9s, trousses m\u00e9dias et nouvelles officielles du CAAOI, le Circuit d\u2019ateliers d\u2019art de l\u2019Ouest-de-l\u2019\u00cele. Un espace m\u00e9dia pens\u00e9 pour les journalistes, cr\u00e9ateurs de contenu et partenaires.","breadcrumb":{"@id":"https:\/\/wiasc.ca\/fr\/media\/#breadcrumb"},"inLanguage":"fr-FR","potentialAction":[{"@type":"ReadAction","target":["https:\/\/wiasc.ca\/fr\/media\/"]}]},{"@type":"ImageObject","inLanguage":"fr-FR","@id":"https:\/\/wiasc.ca\/fr\/media\/#primaryimage","url":"https:\/\/wiasc.ca\/wp-content\/uploads\/2025\/04\/Gallien-Krysia_00_studio.jpg","contentUrl":"https:\/\/wiasc.ca\/wp-content\/uploads\/2025\/04\/Gallien-Krysia_00_studio.jpg"},{"@type":"BreadcrumbList","@id":"https:\/\/wiasc.ca\/fr\/media\/#breadcrumb","itemListElement":[{"@type":"ListItem","position":1,"name":"Home","item":"https:\/\/wiasc.ca\/fr\/"},{"@type":"ListItem","position":2,"name":"M\u00e9dia"}]},{"@type":"WebSite","@id":"https:\/\/wiasc.ca\/fr\/#website","url":"https:\/\/wiasc.ca\/fr\/","name":"West Island Art Studio Circuit","description":"L\u2019art tout pr\u00e8s de chez vous \u2014 d\u00e9couvrez-le avec le CAAOI.","publisher":{"@id":"https:\/\/wiasc.ca\/fr\/#organization"},"alternateName":"Circuit d'ateliers d'art de l'Ouest-de-l'\u00cele","potentialAction":[{"@type":"SearchAction","target":{"@type":"EntryPoint","urlTemplate":"https:\/\/wiasc.ca\/fr\/?s={search_term_string}"},"query-input":{"@type":"PropertyValueSpecification","valueRequired":true,"valueName":"search_term_string"}}],"inLanguage":"fr-FR"},{"@type":"Organization","@id":"https:\/\/wiasc.ca\/fr\/#organization","name":"West Island Art Studio Circuit","alternateName":"Circuit d'ateliers d'art de l'Ouest-de-l'\u00cele","url":"https:\/\/wiasc.ca\/fr\/","logo":{"@type":"ImageObject","inLanguage":"fr-FR","@id":"https:\/\/wiasc.ca\/fr\/#\/schema\/logo\/image\/","url":"https:\/\/wiasc.ca\/wp-content\/uploads\/2025\/06\/Logo-WIASC-SEO.png","contentUrl":"https:\/\/wiasc.ca\/wp-content\/uploads\/2025\/06\/Logo-WIASC-SEO.png","width":696,"height":696,"caption":"West Island Art Studio Circuit"},"image":{"@id":"https:\/\/wiasc.ca\/fr\/#\/schema\/logo\/image\/"},"sameAs":["https:\/\/x.com\/CAAOI_WIASC","https:\/\/www.linkedin.com\/company\/caaoi-wiasc\/","https:\/\/www.instagram.com\/caaoi_wiasc","https:\/\/bsky.app\/profile\/caaoi-wiasc.bsky.social"]}]}},"_links":{"self":[{"href":"https:\/\/wiasc.ca\/fr\/wp-json\/wp\/v2\/pages\/1421","targetHints":{"allow":["GET"]}}],"collection":[{"href":"https:\/\/wiasc.ca\/fr\/wp-json\/wp\/v2\/pages"}],"about":[{"href":"https:\/\/wiasc.ca\/fr\/wp-json\/wp\/v2\/types\/page"}],"author":[{"embeddable":true,"href":"https:\/\/wiasc.ca\/fr\/wp-json\/wp\/v2\/users\/1"}],"replies":[{"embeddable":true,"href":"https:\/\/wiasc.ca\/fr\/wp-json\/wp\/v2\/comments?post=1421"}],"version-history":[{"count":13,"href":"https:\/\/wiasc.ca\/fr\/wp-json\/wp\/v2\/pages\/1421\/revisions"}],"predecessor-version":[{"id":1898,"href":"https:\/\/wiasc.ca\/fr\/wp-json\/wp\/v2\/pages\/1421\/revisions\/1898"}],"wp:attachment":[{"href":"https:\/\/wiasc.ca\/fr\/wp-json\/wp\/v2\/media?parent=1421"}],"curies":[{"name":"wp","href":"https:\/\/api.w.org\/{rel}","templated":true}]}}