{"id":1419,"date":"2025-04-23T13:20:31","date_gmt":"2025-04-23T17:20:31","guid":{"rendered":"https:\/\/wiasc.ca\/nous-joindre\/"},"modified":"2025-06-20T10:18:41","modified_gmt":"2025-06-20T14:18:41","slug":"contact","status":"publish","type":"page","link":"https:\/\/wiasc.ca\/fr\/contact\/","title":{"rendered":"Contact"},"content":{"rendered":"\n<h1>\n\t\t\tContactez le Circuit d&rsquo;ateliers d&rsquo;art de l&rsquo;Ouest-de-l&rsquo;\u00cele (CAAOI)\t<\/h1>\n\t<p>Le moyen le plus rapide de nous joindre est par Instagram.<\/p>\n\t\t\t<a href=\"https:\/\/www.instagram.com\/caaoi_wiasc\" target=\"_blank\" rel=\"noopener\">\n\t\t\t\t\t\tContactez-nous par Instagram\n\t\t\t\t\t<\/a>\n\t<p>Sinon, remplissez le formulaire en ligne &#8211; il sera transmis \u00e0 une personne qui vous r\u00e9pondra dans un d\u00e9lai de un \u00e0 deux jours. Le d\u00e9lai peut \u00eatre un peu plus long la fin de semaine ou les jours f\u00e9ri\u00e9s, puisque nous sommes tous b\u00e9n\u00e9voles.<\/p>\n<form>\n\t<input type=\"hidden\" name=\"fl-layout-id\" value=\"1419\" \/>\n\t    \t<h3>\u00c9crivez-nous<\/h3>\n    \t\t<label for=\"pp-name-\">Nom<\/label>\n    \t\tVeuillez saisir votre nom.\n    \t\t<input type=\"text\" name=\"pp-name\" id=\"pp-name-\" value=\"\" placeholder=\"Nom\"  \/>\n    \t\t<label for=\"pp-email-\">Courriel<\/label>\n    \t\tVeuillez saisir une adresse email valide.\n    \t\t<input type=\"email\" name=\"pp-email\" id=\"pp-email-\" value=\"\" placeholder=\"Courriel\"  \/>\n    \t\t<label for=\"pp-phone-\">T\u00e9l\u00e9phone<\/label>\n    \t\tVeuillez saisir un num\u00e9ro de t\u00e9l\u00e9phone valide.\n    \t\t<input type=\"tel\" name=\"pp-phone\" id=\"pp-phone-\" value=\"\" placeholder=\"T\u00e9l\u00e9phone\"  \/>\n    \t\t<label for=\"pp-message-\">Votre message<\/label>\n    \t\tPlease type your message.\n    \t\t<textarea name=\"pp-message\" id=\"pp-message-\" placeholder=\"Votre message\"><\/textarea>\n    \t<a href=\"#\" target=\"_self\" role=\"button\">\n    \t\t    \t\t    \t\tEnvoyer\n    \t\t    \t\t    \t<\/a>\n\t\t\tMessage failed. Please try again.\n<\/form>\n  <p>Merci pour votre message! Nous devrions vous r\u00e9pondre dans un d\u00e9lai d&rsquo;un ou deux jours &#8211; un peu plus long pendant les fins de semaine et les jours f\u00e9ri\u00e9s, car nous sommes tous b\u00e9n\u00e9voles!<\/p>\n\n","protected":false},"excerpt":{"rendered":"<p>Contactez le Circuit d&rsquo;ateliers d&rsquo;art de l&rsquo;Ouest-de-l&rsquo;\u00cele (CAAOI) Le moyen le plus rapide de nous joindre est par Instagram. Contactez-nous par Instagram Sinon, remplissez le formulaire en ligne &#8211; il sera transmis \u00e0 une personne qui vous r\u00e9pondra dans un d\u00e9lai de un \u00e0 deux jours. Le d\u00e9lai peut \u00eatre un peu plus long la&hellip;<\/p>\n","protected":false},"author":1,"featured_media":0,"parent":0,"menu_order":90,"comment_status":"closed","ping_status":"closed","template":"","meta":{"_acf_changed":false,"footnotes":""},"class_list":["post-1419","page","type-page","status-publish","hentry"],"acf":[],"yoast_head":"<!-- This site is optimized with the Yoast SEO plugin v27.5 - https:\/\/yoast.com\/product\/yoast-seo-wordpress\/ -->\n<title>Contact | Circuit d\u2019ateliers d\u2019art du West Island (CAAOI)<\/title>\n<meta name=\"description\" content=\"Des questions sur le CAAOI ou ses activit\u00e9s? Contactez notre \u00e9quipe pour en savoir plus sur les artistes, les activit\u00e9s ou pour discuter d\u2019un partenariat.\" \/>\n<meta name=\"robots\" content=\"index, follow, max-snippet:-1, max-image-preview:large, max-video-preview:-1\" \/>\n<link rel=\"canonical\" href=\"https:\/\/wiasc.ca\/fr\/contact\/\" \/>\n<meta property=\"og:locale\" content=\"fr_FR\" \/>\n<meta property=\"og:type\" content=\"article\" \/>\n<meta property=\"og:title\" content=\"Contact | Circuit d\u2019ateliers d\u2019art du West Island (CAAOI)\" \/>\n<meta property=\"og:description\" content=\"Des questions sur le CAAOI ou ses activit\u00e9s? Contactez notre \u00e9quipe pour en savoir plus sur les artistes, les activit\u00e9s ou pour discuter d\u2019un partenariat.\" \/>\n<meta property=\"og:url\" content=\"https:\/\/wiasc.ca\/fr\/contact\/\" \/>\n<meta property=\"og:site_name\" content=\"Circuit d&#039;ateliers d&#039;art de l&#039;Ouest-de-l&#039;\u00cele\" \/>\n<meta property=\"article:modified_time\" content=\"2025-06-20T14:18:41+00:00\" \/>\n<meta property=\"og:image\" content=\"https:\/\/wiasc.ca\/wp-content\/uploads\/2025\/06\/Facebook-wiasc.jpg\" \/>\n\t<meta property=\"og:image:width\" content=\"1200\" \/>\n\t<meta property=\"og:image:height\" content=\"675\" \/>\n\t<meta property=\"og:image:type\" content=\"image\/jpeg\" \/>\n<meta name=\"twitter:card\" content=\"summary_large_image\" \/>\n<meta name=\"twitter:site\" content=\"@CAAOI_WIASC\" \/>\n<meta name=\"twitter:label1\" content=\"Dur\u00e9e de lecture estim\u00e9e\" \/>\n\t<meta name=\"twitter:data1\" content=\"1 minute\" \/>\n<script type=\"application\/ld+json\" class=\"yoast-schema-graph\">{\"@context\":\"https:\\\/\\\/schema.org\",\"@graph\":[{\"@type\":\"WebPage\",\"@id\":\"https:\\\/\\\/wiasc.ca\\\/fr\\\/contact\\\/\",\"url\":\"https:\\\/\\\/wiasc.ca\\\/fr\\\/contact\\\/\",\"name\":\"Contact | Circuit d\u2019ateliers d\u2019art du West Island (CAAOI)\",\"isPartOf\":{\"@id\":\"https:\\\/\\\/wiasc.ca\\\/fr\\\/#website\"},\"datePublished\":\"2025-04-23T17:20:31+00:00\",\"dateModified\":\"2025-06-20T14:18:41+00:00\",\"description\":\"Des questions sur le CAAOI ou ses activit\u00e9s? Contactez notre \u00e9quipe pour en savoir plus sur les artistes, les activit\u00e9s ou pour discuter d\u2019un partenariat.\",\"breadcrumb\":{\"@id\":\"https:\\\/\\\/wiasc.ca\\\/fr\\\/contact\\\/#breadcrumb\"},\"inLanguage\":\"fr-FR\",\"potentialAction\":[{\"@type\":\"ReadAction\",\"target\":[\"https:\\\/\\\/wiasc.ca\\\/fr\\\/contact\\\/\"]}]},{\"@type\":\"BreadcrumbList\",\"@id\":\"https:\\\/\\\/wiasc.ca\\\/fr\\\/contact\\\/#breadcrumb\",\"itemListElement\":[{\"@type\":\"ListItem\",\"position\":1,\"name\":\"Home\",\"item\":\"https:\\\/\\\/wiasc.ca\\\/fr\\\/\"},{\"@type\":\"ListItem\",\"position\":2,\"name\":\"Contact\"}]},{\"@type\":\"WebSite\",\"@id\":\"https:\\\/\\\/wiasc.ca\\\/fr\\\/#website\",\"url\":\"https:\\\/\\\/wiasc.ca\\\/fr\\\/\",\"name\":\"West Island Art Studio Circuit\",\"description\":\"L\u2019art tout pr\u00e8s de chez vous \u2014 d\u00e9couvrez-le avec le CAAOI.\",\"publisher\":{\"@id\":\"https:\\\/\\\/wiasc.ca\\\/fr\\\/#organization\"},\"alternateName\":\"Circuit d'ateliers d'art de l'Ouest-de-l'\u00cele\",\"potentialAction\":[{\"@type\":\"SearchAction\",\"target\":{\"@type\":\"EntryPoint\",\"urlTemplate\":\"https:\\\/\\\/wiasc.ca\\\/fr\\\/?s={search_term_string}\"},\"query-input\":{\"@type\":\"PropertyValueSpecification\",\"valueRequired\":true,\"valueName\":\"search_term_string\"}}],\"inLanguage\":\"fr-FR\"},{\"@type\":\"Organization\",\"@id\":\"https:\\\/\\\/wiasc.ca\\\/fr\\\/#organization\",\"name\":\"West Island Art Studio Circuit\",\"alternateName\":\"Circuit d'ateliers d'art de l'Ouest-de-l'\u00cele\",\"url\":\"https:\\\/\\\/wiasc.ca\\\/fr\\\/\",\"logo\":{\"@type\":\"ImageObject\",\"inLanguage\":\"fr-FR\",\"@id\":\"https:\\\/\\\/wiasc.ca\\\/fr\\\/#\\\/schema\\\/logo\\\/image\\\/\",\"url\":\"https:\\\/\\\/wiasc.ca\\\/wp-content\\\/uploads\\\/2025\\\/06\\\/Logo-WIASC-SEO.png\",\"contentUrl\":\"https:\\\/\\\/wiasc.ca\\\/wp-content\\\/uploads\\\/2025\\\/06\\\/Logo-WIASC-SEO.png\",\"width\":696,\"height\":696,\"caption\":\"West Island Art Studio Circuit\"},\"image\":{\"@id\":\"https:\\\/\\\/wiasc.ca\\\/fr\\\/#\\\/schema\\\/logo\\\/image\\\/\"},\"sameAs\":[\"https:\\\/\\\/x.com\\\/CAAOI_WIASC\",\"https:\\\/\\\/www.linkedin.com\\\/company\\\/caaoi-wiasc\\\/\",\"https:\\\/\\\/www.instagram.com\\\/caaoi_wiasc\",\"https:\\\/\\\/bsky.app\\\/profile\\\/caaoi-wiasc.bsky.social\"]}]}<\/script>\n<!-- \/ Yoast SEO plugin. -->","yoast_head_json":{"title":"Contact | Circuit d\u2019ateliers d\u2019art du West Island (CAAOI)","description":"Des questions sur le CAAOI ou ses activit\u00e9s? Contactez notre \u00e9quipe pour en savoir plus sur les artistes, les activit\u00e9s ou pour discuter d\u2019un partenariat.","robots":{"index":"index","follow":"follow","max-snippet":"max-snippet:-1","max-image-preview":"max-image-preview:large","max-video-preview":"max-video-preview:-1"},"canonical":"https:\/\/wiasc.ca\/fr\/contact\/","og_locale":"fr_FR","og_type":"article","og_title":"Contact | Circuit d\u2019ateliers d\u2019art du West Island (CAAOI)","og_description":"Des questions sur le CAAOI ou ses activit\u00e9s? Contactez notre \u00e9quipe pour en savoir plus sur les artistes, les activit\u00e9s ou pour discuter d\u2019un partenariat.","og_url":"https:\/\/wiasc.ca\/fr\/contact\/","og_site_name":"Circuit d'ateliers d'art de l'Ouest-de-l'\u00cele","article_modified_time":"2025-06-20T14:18:41+00:00","og_image":[{"width":1200,"height":675,"url":"https:\/\/wiasc.ca\/wp-content\/uploads\/2025\/06\/Facebook-wiasc.jpg","type":"image\/jpeg"}],"twitter_card":"summary_large_image","twitter_site":"@CAAOI_WIASC","twitter_misc":{"Dur\u00e9e de lecture estim\u00e9e":"1 minute"},"schema":{"@context":"https:\/\/schema.org","@graph":[{"@type":"WebPage","@id":"https:\/\/wiasc.ca\/fr\/contact\/","url":"https:\/\/wiasc.ca\/fr\/contact\/","name":"Contact | Circuit d\u2019ateliers d\u2019art du West Island (CAAOI)","isPartOf":{"@id":"https:\/\/wiasc.ca\/fr\/#website"},"datePublished":"2025-04-23T17:20:31+00:00","dateModified":"2025-06-20T14:18:41+00:00","description":"Des questions sur le CAAOI ou ses activit\u00e9s? Contactez notre \u00e9quipe pour en savoir plus sur les artistes, les activit\u00e9s ou pour discuter d\u2019un partenariat.","breadcrumb":{"@id":"https:\/\/wiasc.ca\/fr\/contact\/#breadcrumb"},"inLanguage":"fr-FR","potentialAction":[{"@type":"ReadAction","target":["https:\/\/wiasc.ca\/fr\/contact\/"]}]},{"@type":"BreadcrumbList","@id":"https:\/\/wiasc.ca\/fr\/contact\/#breadcrumb","itemListElement":[{"@type":"ListItem","position":1,"name":"Home","item":"https:\/\/wiasc.ca\/fr\/"},{"@type":"ListItem","position":2,"name":"Contact"}]},{"@type":"WebSite","@id":"https:\/\/wiasc.ca\/fr\/#website","url":"https:\/\/wiasc.ca\/fr\/","name":"West Island Art Studio Circuit","description":"L\u2019art tout pr\u00e8s de chez vous \u2014 d\u00e9couvrez-le avec le CAAOI.","publisher":{"@id":"https:\/\/wiasc.ca\/fr\/#organization"},"alternateName":"Circuit d'ateliers d'art de l'Ouest-de-l'\u00cele","potentialAction":[{"@type":"SearchAction","target":{"@type":"EntryPoint","urlTemplate":"https:\/\/wiasc.ca\/fr\/?s={search_term_string}"},"query-input":{"@type":"PropertyValueSpecification","valueRequired":true,"valueName":"search_term_string"}}],"inLanguage":"fr-FR"},{"@type":"Organization","@id":"https:\/\/wiasc.ca\/fr\/#organization","name":"West Island Art Studio Circuit","alternateName":"Circuit d'ateliers d'art de l'Ouest-de-l'\u00cele","url":"https:\/\/wiasc.ca\/fr\/","logo":{"@type":"ImageObject","inLanguage":"fr-FR","@id":"https:\/\/wiasc.ca\/fr\/#\/schema\/logo\/image\/","url":"https:\/\/wiasc.ca\/wp-content\/uploads\/2025\/06\/Logo-WIASC-SEO.png","contentUrl":"https:\/\/wiasc.ca\/wp-content\/uploads\/2025\/06\/Logo-WIASC-SEO.png","width":696,"height":696,"caption":"West Island Art Studio Circuit"},"image":{"@id":"https:\/\/wiasc.ca\/fr\/#\/schema\/logo\/image\/"},"sameAs":["https:\/\/x.com\/CAAOI_WIASC","https:\/\/www.linkedin.com\/company\/caaoi-wiasc\/","https:\/\/www.instagram.com\/caaoi_wiasc","https:\/\/bsky.app\/profile\/caaoi-wiasc.bsky.social"]}]}},"_links":{"self":[{"href":"https:\/\/wiasc.ca\/fr\/wp-json\/wp\/v2\/pages\/1419","targetHints":{"allow":["GET"]}}],"collection":[{"href":"https:\/\/wiasc.ca\/fr\/wp-json\/wp\/v2\/pages"}],"about":[{"href":"https:\/\/wiasc.ca\/fr\/wp-json\/wp\/v2\/types\/page"}],"author":[{"embeddable":true,"href":"https:\/\/wiasc.ca\/fr\/wp-json\/wp\/v2\/users\/1"}],"replies":[{"embeddable":true,"href":"https:\/\/wiasc.ca\/fr\/wp-json\/wp\/v2\/comments?post=1419"}],"version-history":[{"count":4,"href":"https:\/\/wiasc.ca\/fr\/wp-json\/wp\/v2\/pages\/1419\/revisions"}],"predecessor-version":[{"id":1530,"href":"https:\/\/wiasc.ca\/fr\/wp-json\/wp\/v2\/pages\/1419\/revisions\/1530"}],"wp:attachment":[{"href":"https:\/\/wiasc.ca\/fr\/wp-json\/wp\/v2\/media?parent=1419"}],"curies":[{"name":"wp","href":"https:\/\/api.w.org\/{rel}","templated":true}]}}